{"id":494,"date":"2015-12-15T10:21:08","date_gmt":"2015-12-15T10:21:08","guid":{"rendered":"http:\/\/themes.muffingroup.com\/be\/firm\/?page_id=2"},"modified":"2024-10-02T16:03:41","modified_gmt":"2024-10-02T16:03:41","slug":"home-2","status":"publish","type":"page","link":"https:\/\/mayracanolaw.com\/espanol\/","title":{"rendered":"Home"},"content":{"rendered":"<div class=\"wpb-content-wrapper\"><p>[vc_row full_width=&#8221;stretch_row_content&#8221; css=&#8221;.vc_custom_1473434062022{background-color: #cc7d2e !important;background-position: center !important;background-repeat: no-repeat !important;background-size: contain !important;}&#8221;][vc_column][vc_column_text]<\/p>\n<h2 style=\"text-align: center;\">Llame para hacer su cita\u00a0<a href=\"tel:201-305-3757\">201-305-3757<\/a><\/h2>\n<p>[\/vc_column_text][\/vc_column][\/vc_row][vc_row css=&#8221;.vc_custom_1473433403802{padding-top: 45px !important;}&#8221;][vc_column width=&#8221;1\/3&#8243;][vc_icon icon_fontawesome=&#8221;fa fa-book&#8221; size=&#8221;xl&#8221; align=&#8221;center&#8221; css_animation=&#8221;appear&#8221;]<div class=\"fancy_heading fancy_heading_icon\"><h2 class=\"title\">Inmigraci\u00f3n<\/h2><\/div>\n[vc_column_text]<\/p>\n<p style=\"text-align: center;\"><span style=\"font-weight: 400;\">Ofrecemos una variedad de servicios de inmigraci\u00f3n.<\/span><\/p>\n<p>[\/vc_column_text][\/vc_column][vc_column width=&#8221;1\/3&#8243;][vc_icon icon_fontawesome=&#8221;fa fa-balance-scale&#8221; size=&#8221;xl&#8221; align=&#8221;center&#8221; css_animation=&#8221;appear&#8221;]<div class=\"fancy_heading fancy_heading_icon\"><h2 class=\"title\">Educaci\u00f3n y Derecho de Familia<\/h2><\/div>\n[vc_column_text css=&#8221;&#8221;]<\/p>\n<p style=\"text-align: center;\">Del divorcio, cambios de nombre a la defensa de la educaci\u00f3n.<\/p>\n<p>[\/vc_column_text][\/vc_column][vc_column width=&#8221;1\/3&#8243;][vc_icon icon_fontawesome=&#8221;fa fa-home&#8221; size=&#8221;xl&#8221; align=&#8221;center&#8221; css_animation=&#8221;appear&#8221;]<div class=\"fancy_heading fancy_heading_icon\"><h2 class=\"title\">Ley Propietario-Inquilino<\/h2><\/div>\n[vc_column_text]<\/p>\n<p style=\"text-align: center;\"><span style=\"font-weight: 400;\">Protecci\u00f3n de los derechos de los propietarios e inquilinos.<\/span><\/p>\n<p>[\/vc_column_text][\/vc_column][\/vc_row][vc_row full_width=&#8221;stretch_row&#8221; css=&#8221;.vc_custom_1473440644710{background-color: #dddddd !important;background-position: center !important;background-repeat: no-repeat !important;background-size: contain !important;}&#8221;][vc_column width=&#8221;2\/3&#8243;][vc_column_text css_animation=&#8221;appear&#8221;]<span style=\"color: #000000;\">Mayra A. Cano, Esq. , Es una din\u00e1mica y experta Abogada, que cuenta con una pr\u00e1ctica privada diversa. La Sra. Cano representa a individuos y negocios por asuntos personales, comerciales y de inmigraci\u00f3n. En el \u00e1rea de la ley de inmigraci\u00f3n, la Sra. Cano representa regularmente a los clientes con peticiones afirmativas ante el USCIS, as\u00ed como a las solicitudes de defensa \/ deportaci\u00f3n (deportaci\u00f3n) ante la Corte de Inmigraci\u00f3n. En el \u00e1rea de Derecho de Familia, la Sra. Cano maneja divorcios, manutenci\u00f3n de hijos y modificaciones de pensi\u00f3n alimenticia, y asuntos de custodia. La Sra. Cano tambi\u00e9n tiene experiencia manejando asuntos de propietario-inquilino.<\/span>[\/vc_column_text][vc_btn title=&#8221;Learn More&#8221; style=&#8221;outline&#8221; shape=&#8221;square&#8221; color=&#8221;black&#8221; size=&#8221;lg&#8221; css_animation=&#8221;appear&#8221; link=&#8221;url:http%3A%2F%2Fmayracanolaw.com%2Fabout%2F|||&#8221;][\/vc_column][vc_column width=&#8221;1\/3&#8243;][vc_column_text css_animation=&#8221;appear&#8221;]<img loading=\"lazy\" decoding=\"async\" class=\"alignnone size-medium wp-image-284\" src=\"http:\/\/mayracanolaw.com\/wp-content\/uploads\/2015\/12\/unnamed-271x300.jpg\" alt=\"unnamed\" width=\"271\" height=\"300\" srcset=\"https:\/\/mayracanolaw.com\/espanol\/wp-content\/uploads\/2015\/12\/unnamed-271x300.jpg 271w, https:\/\/mayracanolaw.com\/espanol\/wp-content\/uploads\/2015\/12\/unnamed-768x849.jpg 768w, https:\/\/mayracanolaw.com\/espanol\/wp-content\/uploads\/2015\/12\/unnamed-132x146.jpg 132w, https:\/\/mayracanolaw.com\/espanol\/wp-content\/uploads\/2015\/12\/unnamed-45x50.jpg 45w, https:\/\/mayracanolaw.com\/espanol\/wp-content\/uploads\/2015\/12\/unnamed-68x75.jpg 68w, https:\/\/mayracanolaw.com\/espanol\/wp-content\/uploads\/2015\/12\/unnamed.jpg 846w\" sizes=\"auto, (max-width: 271px) 100vw, 271px\" \/>[\/vc_column_text][\/vc_column][\/vc_row][vc_row full_width=&#8221;stretch_row&#8221; css=&#8221;.vc_custom_1474492141298{background-color: #151A2D !important;background-position: center !important;background-repeat: no-repeat !important;background-size: cover !important;}&#8221;][vc_column]<div class=\"fancy_heading fancy_heading_icon\"><h2 class=\"title\">Centro de Informacion<\/h2><\/div>\n[\/vc_column][vc_column width=&#8221;1\/3&#8243;][vc_column_text]<\/p>\n<h3 style=\"text-align: center;\">Testimonio de uno de nuestros clientes:<\/h3>\n<p><iframe loading=\"lazy\" src=\"https:\/\/www.youtube.com\/embed\/nuilqEUrTdk?rel=0\" width=\"320\" height=\"205\" frameborder=\"0\" allowfullscreen=\"allowfullscreen\"><\/iframe>[\/vc_column_text][vc_column_text]<\/p>\n<h3><span style=\"font-weight: 400;\">Recursos y Actualizaciones de Inmigraci\u00f3n<\/span>:<\/h3>\n<ul>\n<li><span style=\"color: #ff9900;\"><a style=\"color: #ff9900;\" href=\"http:\/\/mayracanolaw.com\/espanol\/resources\/recursos\/\"> C\u00f3mo evitar una estafa<\/a><\/span><\/li>\n<li><span style=\"color: #ff9900;\"><a style=\"color: #ff9900;\" href=\"http:\/\/mayracanolaw.com\/espanol\/resources\/como-encontrar-un-abogado\/\">C\u00f3mo elegir un Abogado<\/a><\/span><\/li>\n<li class=\"title\"><span style=\"color: #ff9900;\"><a style=\"color: #ff9900;\" href=\"http:\/\/mayracanolaw.com\/espanol\/updates\/accion-ejecutiva-el-presidente-obama\/\">Acci\u00f3n Ejecutiva del Presidente Obama<\/a><\/span><\/li>\n<\/ul>\n<p>[\/vc_column_text][\/vc_column][vc_column width=&#8221;1\/3&#8243;][vc_column_text css_animation=&#8221;appear&#8221;]<\/p>\n<h4 style=\"text-align: center;\"><span style=\"font-weight: 400; color: #ffffff;\">Mant\u00e9ngase al d\u00eda con nosotros. Ofrecemos consejos valiosos en nuestra p\u00e1gina de Facebook. Danos me gusta y S\u00edguenos, d\u00e9janos contactarte!<\/span><\/h4>\n<p><img loading=\"lazy\" decoding=\"async\" class=\"aligncenter wp-image-449\" src=\"http:\/\/mayracanolaw.com\/wp-content\/uploads\/2015\/12\/facebook-like-logo-1024x877.png\" alt=\"facebook-like-logo\" width=\"130\" height=\"108\" \/>[\/vc_column_text][\/vc_column][vc_column width=&#8221;1\/3&#8243;][vc_column_text]<\/p>\n<h2><div id=\"fb-root\"><\/div>\r\n<script>\r\n\t(function(d, s, id) {\r\n\t\tvar js, fjs = d.getElementsByTagName(s)[0];\r\n\t\tif (d.getElementById(id)) return;\r\n\t\tjs = d.createElement(s);\r\n\t\tjs.id = id;\r\n\t\tjs.src =\r\n\t\t\t\"\/\/connect.facebook.net\/en_GB\/sdk.js#xfbml=1&version=v2.7\";\r\n\t\tfjs.parentNode.insertBefore(js, fjs);\r\n\t}(document, 'script', 'facebook-jssdk'));\r\n<\/script>\r\n<div class=\"fb-like-box\"\r\n\tdata-height=\"460\"\r\n\tdata-href=\"https:\/\/www.facebook.com\/MayraCanoLaw\/\"\r\n\tdata-show-border=\"true\"\r\n\tdata-show-faces=\"true\"\r\n\tdata-stream=\"true\"\r\n\tdata-width=\"292\"\r\n\tdata-force-wall=\"false\">\r\n<\/div>\r\n<\/h2>\n<p>[\/vc_column_text][\/vc_column][\/vc_row][vc_row full_width=&#8221;stretch_row&#8221; css=&#8221;.vc_custom_1474035991683{background-image: url(http:\/\/mayracanolaw.com\/wp-content\/uploads\/2015\/12\/watercolor-backgorundDARK.jpg?id=404) !important;background-position: center !important;background-repeat: no-repeat !important;background-size: cover !important;}&#8221;][vc_column]<div class=\"testimonials_slider \"><ul class=\"testimonials_slider_ul\"><li><div class=\"bq_wrapper\"><blockquote><h3 style=\"text-align: center;\"><span style=\"font-weight: 400;\">Mayra ha manejado un amplio campo de asuntos legales, \u00a0todo con profesionalismo extremo. Su atenci\u00f3n al detalle y el toque personal, le garantiza que seguir\u00e9 utilizando sus servicios en los pr\u00f3ximos a\u00f1os.<\/span><\/h3><\/blockquote><\/div><div class=\"hr_dots\"><span><\/span><span><\/span><span><\/span><\/div><div class=\"author\"><h5>Andres<\/h5><span class=\"company\"><\/span><\/div><\/li><li><div class=\"bq_wrapper\"><blockquote><h3 style=\"text-align: center;\"><span style=\"font-weight: 400;\">La se\u00f1ora Cano tom\u00f3 mi caso de otro abogado, quien no cumpl\u00eda con mis expectativas. \u00a0El \u00a0amplio conocimiento de la Abogada sobre la ley de inmigraci\u00f3n y su capacidad para explicar todo , sirvi\u00f3 mucho para llevar a cabo el resto de mis audiencias. Sobra decir que el resultado fue positivo para mi caso, debido al trabajo arduo \u00a0de la Sra. Cano y la determinaci\u00f3n para un final justo.<\/span><\/h3><\/blockquote><\/div><div class=\"hr_dots\"><span><\/span><span><\/span><span><\/span><\/div><div class=\"author\"><h5>Ivan<\/h5><span class=\"company\"><\/span><\/div><\/li><li><div class=\"bq_wrapper\"><blockquote><h3 style=\"text-align: center;\"><span style=\"font-weight: 400;\">La Sra. Cano es una Abogada excelente y profesional, \u00a0que me pudo representar revisando mi reciente contrato de arrendamiento residencial y me est\u00e1 representando en la compra de mi casa. Su oficina esta convenientemente ubicada en \u00a0la Avenida Bergenline y se encuentra siempre \u00a0disponible para reunirse durante su horario de trabajo.<\/span><\/h3><\/blockquote><\/div><div class=\"hr_dots\"><span><\/span><span><\/span><span><\/span><\/div><div class=\"author\"><h5>Joseph<\/h5><span class=\"company\"><\/span><\/div><\/li><\/ul><a class=\"button button_js slider_prev\" href=\"#\"><span class=\"button_icon\"><i class=\"icon-left-open-big\"><\/i><\/span><\/a><a class=\"button button_js slider_next\" href=\"#\"><span class=\"button_icon\"><i class=\"icon-right-open-big\"><\/i><\/span><\/a><\/div>\n[\/vc_column][\/vc_row][vc_row full_width=&#8221;stretch_row_content&#8221; css=&#8221;.vc_custom_1474493700936{background-position: center !important;background-repeat: no-repeat !important;background-size: cover !important;}&#8221;][vc_column]<div class=\"fancy_heading fancy_heading_icon\"><h2 class=\"title\">Nuestras Afiliaciones<\/h2><\/div>\n[vc_column_text]<\/p>\n<!-- Carousel Style & Script for  gallery-69ea34bb87bc5 -->\r\n\r\n<script type=\"text\/javascript\">\r\n\/\/ <![CDATA[\r\n\/* START --- Image Carousel --- *\/\r\n\r\njQuery(document).ready(function($) {\r\n\r\n    \r\n    $('#icppreloader-gallery-69ea34bb87bc5').fadeOut(300, function() {\r\n        $('#gallery-69ea34bb87bc5').fadeIn(300);\r\n        var slider69ea34bb87bc5 = $('#gallery-69ea34bb87bc5').bxSlider({\r\n            auto: true,\r\n            pause: 3000,\r\n            autoHover: true,\r\n            moveSlides: 3,\r\n            minSlides: 3,\r\n            maxSlides: 3,\r\n            slideWidth: 250,\r\n            slideMargin: 10,\r\n            startSlide: 0,\r\n            infiniteLoop: true,\r\n            captions: false,\r\n            captionsMode: 'alt',\r\n            adaptiveHeight: true,\r\n            useCSS: false,\r\n            pager: true,\r\n            easing: 'easeInBack',\r\n            speed: 2500,\r\n            preloadImages: 'all',\r\n            onSlideBefore: function() {\r\n                                $('#gallery-69ea34bb87bc5 .bx-caption').slideUp();\r\n                            },\r\n            onSlideAfter: function($slideElement, oldIndex, newIndex) {\r\n                                slider69ea34bb87bc5.stopAuto();\r\n                slider69ea34bb87bc5.startAuto();\r\n                                $('#gallery-69ea34bb87bc5 .bx-caption').slideDown();\r\n                            }\r\n        });\r\n\r\n    });\r\n});\r\n\r\n\/* END --- Image Carousel --- *\/\r\n\r\n\/\/ ]]>\r\n<\/script>\r\n\r\n<style type=\"text\/css\">\r\n.markup-gallery-69ea34bb87bc5 .carousel-item img {width: 100%;margin: 0 auto;border:none !important;border-radius: 0px !important;box-shadow:none !important;}.markup-gallery-69ea34bb87bc5 .bx-controls-direction a {display: none;}.markup-gallery-69ea34bb87bc5 .bx-wrapper:hover .bx-controls-direction a {display: block;}.markup-gallery-69ea34bb87bc5 .bx-controls-direction a { display: block !important;}1<\/style>\r\n\r\n\n\t\t<div id='icppreloader-gallery-69ea34bb87bc5' class='icpsliderpreloader'><\/div><div class='markup-gallery-69ea34bb87bc5'><div style='display:none;' id='gallery-69ea34bb87bc5' class='ghozylab-gallery-nolightbox galleryid-425 gallery-size-full'><div class='carousel-item'><img loading=\"lazy\" decoding=\"async\" width=\"300\" height=\"200\" src=\"https:\/\/mayracanolaw.com\/espanol\/wp-content\/uploads\/2015\/12\/NJSBALOGO-1.jpg\" class=\"attachment-full size-full\" alt=\"\" srcset=\"https:\/\/mayracanolaw.com\/espanol\/wp-content\/uploads\/2015\/12\/NJSBALOGO-1.jpg 300w, https:\/\/mayracanolaw.com\/espanol\/wp-content\/uploads\/2015\/12\/NJSBALOGO-1-219x146.jpg 219w, https:\/\/mayracanolaw.com\/espanol\/wp-content\/uploads\/2015\/12\/NJSBALOGO-1-50x33.jpg 50w, https:\/\/mayracanolaw.com\/espanol\/wp-content\/uploads\/2015\/12\/NJSBALOGO-1-113x75.jpg 113w\" sizes=\"auto, (max-width: 300px) 100vw, 300px\" \/><\/div><div class='carousel-item'><img loading=\"lazy\" decoding=\"async\" width=\"300\" height=\"200\" src=\"https:\/\/mayracanolaw.com\/espanol\/wp-content\/uploads\/2015\/12\/KINDLOGO.jpg\" class=\"attachment-full size-full\" alt=\"\" srcset=\"https:\/\/mayracanolaw.com\/espanol\/wp-content\/uploads\/2015\/12\/KINDLOGO.jpg 300w, https:\/\/mayracanolaw.com\/espanol\/wp-content\/uploads\/2015\/12\/KINDLOGO-219x146.jpg 219w, https:\/\/mayracanolaw.com\/espanol\/wp-content\/uploads\/2015\/12\/KINDLOGO-50x33.jpg 50w, https:\/\/mayracanolaw.com\/espanol\/wp-content\/uploads\/2015\/12\/KINDLOGO-113x75.jpg 113w\" sizes=\"auto, (max-width: 300px) 100vw, 300px\" \/><\/div><div class='carousel-item'><img loading=\"lazy\" decoding=\"async\" width=\"300\" height=\"200\" src=\"https:\/\/mayracanolaw.com\/espanol\/wp-content\/uploads\/2015\/12\/AFSCLOGO.jpg\" class=\"attachment-full size-full\" alt=\"\" srcset=\"https:\/\/mayracanolaw.com\/espanol\/wp-content\/uploads\/2015\/12\/AFSCLOGO.jpg 300w, https:\/\/mayracanolaw.com\/espanol\/wp-content\/uploads\/2015\/12\/AFSCLOGO-219x146.jpg 219w, https:\/\/mayracanolaw.com\/espanol\/wp-content\/uploads\/2015\/12\/AFSCLOGO-50x33.jpg 50w, https:\/\/mayracanolaw.com\/espanol\/wp-content\/uploads\/2015\/12\/AFSCLOGO-113x75.jpg 113w\" sizes=\"auto, (max-width: 300px) 100vw, 300px\" \/><\/div><div class='carousel-item'><img loading=\"lazy\" decoding=\"async\" width=\"300\" height=\"200\" src=\"https:\/\/mayracanolaw.com\/espanol\/wp-content\/uploads\/2015\/12\/NJSBALOGO.jpg\" class=\"attachment-full size-full\" alt=\"\" srcset=\"https:\/\/mayracanolaw.com\/espanol\/wp-content\/uploads\/2015\/12\/NJSBALOGO.jpg 300w, https:\/\/mayracanolaw.com\/espanol\/wp-content\/uploads\/2015\/12\/NJSBALOGO-219x146.jpg 219w, https:\/\/mayracanolaw.com\/espanol\/wp-content\/uploads\/2015\/12\/NJSBALOGO-50x33.jpg 50w, https:\/\/mayracanolaw.com\/espanol\/wp-content\/uploads\/2015\/12\/NJSBALOGO-113x75.jpg 113w\" sizes=\"auto, (max-width: 300px) 100vw, 300px\" \/><\/div><div class='carousel-item'><img loading=\"lazy\" decoding=\"async\" width=\"300\" height=\"200\" src=\"https:\/\/mayracanolaw.com\/espanol\/wp-content\/uploads\/2015\/12\/AILALOGO.jpg\" class=\"attachment-full size-full\" alt=\"\" srcset=\"https:\/\/mayracanolaw.com\/espanol\/wp-content\/uploads\/2015\/12\/AILALOGO.jpg 300w, https:\/\/mayracanolaw.com\/espanol\/wp-content\/uploads\/2015\/12\/AILALOGO-219x146.jpg 219w, https:\/\/mayracanolaw.com\/espanol\/wp-content\/uploads\/2015\/12\/AILALOGO-50x33.jpg 50w, https:\/\/mayracanolaw.com\/espanol\/wp-content\/uploads\/2015\/12\/AILALOGO-113x75.jpg 113w\" sizes=\"auto, (max-width: 300px) 100vw, 300px\" \/><\/div><div class='carousel-item'><img loading=\"lazy\" decoding=\"async\" width=\"300\" height=\"200\" src=\"https:\/\/mayracanolaw.com\/espanol\/wp-content\/uploads\/2015\/12\/aba1.jpg\" class=\"attachment-full size-full\" alt=\"\" srcset=\"https:\/\/mayracanolaw.com\/espanol\/wp-content\/uploads\/2015\/12\/aba1.jpg 300w, https:\/\/mayracanolaw.com\/espanol\/wp-content\/uploads\/2015\/12\/aba1-219x146.jpg 219w, https:\/\/mayracanolaw.com\/espanol\/wp-content\/uploads\/2015\/12\/aba1-50x33.jpg 50w, https:\/\/mayracanolaw.com\/espanol\/wp-content\/uploads\/2015\/12\/aba1-113x75.jpg 113w\" sizes=\"auto, (max-width: 300px) 100vw, 300px\" \/><\/div>\r\n\t\t<\/div><\/div>\n\n<p>[\/vc_column_text][\/vc_column][\/vc_row]<\/p>\n<\/div>","protected":false},"excerpt":{"rendered":"<p>[vc_row full_width=&#8221;stretch_row_content&#8221; css=&#8221;.vc_custom_1473434062022{background-color: #cc7d2e !important;background-position: center !important;background-repeat: no-repeat !important;background-size: contain !important;}&#8221;][vc_column][vc_column_text] Llame para hacer su cita\u00a0201-305-3757 [\/vc_column_text][\/vc_column][\/vc_row][vc_row css=&#8221;.vc_custom_1473433403802{padding-top: 45px !important;}&#8221;][vc_column width=&#8221;1\/3&#8243;][vc_icon icon_fontawesome=&#8221;fa fa-book&#8221; size=&#8221;xl&#8221; align=&#8221;center&#8221; css_animation=&#8221;appear&#8221;][vc_column_text] [&hellip;]<\/p>\n","protected":false},"author":1,"featured_media":0,"parent":0,"menu_order":0,"comment_status":"closed","ping_status":"open","template":"","meta":{"footnotes":""},"class_list":["post-494","page","type-page","status-publish","hentry"],"_links":{"self":[{"href":"https:\/\/mayracanolaw.com\/espanol\/wp-json\/wp\/v2\/pages\/494","targetHints":{"allow":["GET"]}}],"collection":[{"href":"https:\/\/mayracanolaw.com\/espanol\/wp-json\/wp\/v2\/pages"}],"about":[{"href":"https:\/\/mayracanolaw.com\/espanol\/wp-json\/wp\/v2\/types\/page"}],"author":[{"embeddable":true,"href":"https:\/\/mayracanolaw.com\/espanol\/wp-json\/wp\/v2\/users\/1"}],"replies":[{"embeddable":true,"href":"https:\/\/mayracanolaw.com\/espanol\/wp-json\/wp\/v2\/comments?post=494"}],"version-history":[{"count":15,"href":"https:\/\/mayracanolaw.com\/espanol\/wp-json\/wp\/v2\/pages\/494\/revisions"}],"predecessor-version":[{"id":572,"href":"https:\/\/mayracanolaw.com\/espanol\/wp-json\/wp\/v2\/pages\/494\/revisions\/572"}],"wp:attachment":[{"href":"https:\/\/mayracanolaw.com\/espanol\/wp-json\/wp\/v2\/media?parent=494"}],"curies":[{"name":"wp","href":"https:\/\/api.w.org\/{rel}","templated":true}]}}