{"id":18,"date":"2015-12-16T11:45:06","date_gmt":"2015-12-16T11:45:06","guid":{"rendered":"http:\/\/themes.muffingroup.com\/be\/firm\/?page_id=18"},"modified":"2016-11-11T23:37:03","modified_gmt":"2016-11-11T23:37:03","slug":"acerca-de-nosotros","status":"publish","type":"page","link":"https:\/\/mayracanolaw.com\/espanol\/acerca-de-nosotros\/","title":{"rendered":"Acerca de Nosotros"},"content":{"rendered":"<div class=\"wpb-content-wrapper\"><p>[vc_row][vc_column width=&#8221;2\/3&#8243;][vc_column_text css_animation=&#8221;appear&#8221;]<span style=\"font-weight: 400;\">Mayra A. Cano, Esq. Es una din\u00e1mica y \u00a0experta Abogada, \u00a0que cuenta con \u00a0una pr\u00e1ctica privada diversa. La Sra. Cano representa a individuos y negocios por asuntos personales, comerciales y de inmigraci\u00f3n. En el \u00e1rea de la ley de inmigraci\u00f3n, la Sra. Cano representa regularmente a los clientes con peticiones afirmativas ante el USCIS, as\u00ed como a las solicitudes de defensa \/ deportaci\u00f3n (deportaci\u00f3n) ante la Corte de Inmigraci\u00f3n. En el \u00e1rea de Derecho de Familia, la Sra. Cano maneja divorcios, manutenci\u00f3n de hijos y modificaciones de pensi\u00f3n alimenticia, y asuntos de custodia. La Sra. Cano tambi\u00e9n tiene experiencia manejando asuntos de arrendador-inquilino. \u00a0<\/span><\/p>\n<p><span style=\"font-weight: 400;\">La Sra. Cano naci\u00f3 en Colombia. Ella asisti\u00f3 a las escuelas p\u00fablicas en el Condado de Hudson, NJ y luego obtuvo su Licenciatura en Psicolog\u00eda con un menor en Ciencias Pol\u00edticas de Drew University. Le concedieron su Juris Doctorate de la Facultad de Derecho de Nueva York. Antes de ingresar al consultorio privado, la Sra. Cano se intern\u00f3 con el Departamento de Seguridad Interna de los Estados Unidos (USCIS) y el Departamento de Justicia de los Estados Unidos, Oficina Ejecutiva de Revisi\u00f3n de Inmigraci\u00f3n. \u00a0<\/span><\/p>\n<p><span style=\"font-weight: 400;\">Adem\u00e1s de su pr\u00e1ctica privada, la Sra. Cano es Asesora de las Oficinas Legales de Christine Ann Soto, donde maneja las Tutor\u00edas, la Confianza y la Planificaci\u00f3n de Bienes, as\u00ed como asuntos de Educaci\u00f3n Especial. <\/span><\/p>\n<p><span style=\"font-weight: 400;\">A la Sra. Cano le encanta viajar y ha residido brevemente en Hawai y Corea del Sur. \u00a0<\/span><\/p>\n<p><span style=\"font-weight: 400;\">La Sra. Cano maneja de manera fluida los idiomas Ingles y Espa\u00f1ol.<\/span><\/p>\n<p>&nbsp;<\/p>\n<p><img loading=\"lazy\" decoding=\"async\" class=\"alignnone size-full wp-image-288\" src=\"http:\/\/mayracanolaw.com\/wp-content\/uploads\/2015\/12\/unnamed-1.jpg\" alt=\"unnamed-1\" width=\"157\" height=\"50\" srcset=\"https:\/\/mayracanolaw.com\/espanol\/wp-content\/uploads\/2015\/12\/unnamed-1.jpg 157w, https:\/\/mayracanolaw.com\/espanol\/wp-content\/uploads\/2015\/12\/unnamed-1-50x16.jpg 50w, https:\/\/mayracanolaw.com\/espanol\/wp-content\/uploads\/2015\/12\/unnamed-1-150x48.jpg 150w\" sizes=\"auto, (max-width: 157px) 100vw, 157px\" \/>[\/vc_column_text][\/vc_column][vc_column width=&#8221;1\/3&#8243;][vc_column_text]<img loading=\"lazy\" decoding=\"async\" class=\"alignnone size-medium wp-image-284\" src=\"http:\/\/mayracanolaw.com\/wp-content\/uploads\/2015\/12\/unnamed-271x300.jpg\" alt=\"unnamed\" width=\"271\" height=\"300\" srcset=\"https:\/\/mayracanolaw.com\/espanol\/wp-content\/uploads\/2015\/12\/unnamed-271x300.jpg 271w, https:\/\/mayracanolaw.com\/espanol\/wp-content\/uploads\/2015\/12\/unnamed-768x849.jpg 768w, https:\/\/mayracanolaw.com\/espanol\/wp-content\/uploads\/2015\/12\/unnamed-132x146.jpg 132w, https:\/\/mayracanolaw.com\/espanol\/wp-content\/uploads\/2015\/12\/unnamed-45x50.jpg 45w, https:\/\/mayracanolaw.com\/espanol\/wp-content\/uploads\/2015\/12\/unnamed-68x75.jpg 68w, https:\/\/mayracanolaw.com\/espanol\/wp-content\/uploads\/2015\/12\/unnamed.jpg 846w\" sizes=\"auto, (max-width: 271px) 100vw, 271px\" \/>[\/vc_column_text][vc_btn title=&#8221;Reservar una cita&#8221; style=&#8221;outline&#8221; shape=&#8221;square&#8221; color=&#8221;default&#8221; size=&#8221;lg&#8221; align=&#8221;center&#8221; css_animation=&#8221;appear&#8221; link=&#8221;url:http%3A%2F%2Fmayracanolaw.com%2Fcontact%2F|||&#8221;][\/vc_column][\/vc_row][vc_row full_width=&#8221;stretch_row&#8221; css=&#8221;.vc_custom_1473445838235{background-color: #cc7d2e !important;}&#8221;][vc_column][vc_column_text css_animation=&#8221;appear&#8221;]<\/p>\n<h3 style=\"text-align: center;\"><span style=\"font-weight: 400;\">Ll\u00e1menos hoy para reservar su cita! (201) 305-3757. \u00a0Hablamos Espa\u00f1ol.<\/span><\/h3>\n<p>[\/vc_column_text][\/vc_column][\/vc_row]<\/p>\n<\/div>","protected":false},"excerpt":{"rendered":"<p>[vc_row][vc_column width=&#8221;2\/3&#8243;][vc_column_text css_animation=&#8221;appear&#8221;]Mayra A. Cano, Esq. Es una din\u00e1mica y \u00a0experta Abogada, \u00a0que cuenta con \u00a0una pr\u00e1ctica privada diversa. La Sra. Cano representa a individuos y [&hellip;]<\/p>\n","protected":false},"author":1,"featured_media":0,"parent":0,"menu_order":0,"comment_status":"closed","ping_status":"closed","template":"","meta":{"footnotes":""},"class_list":["post-18","page","type-page","status-publish","hentry"],"_links":{"self":[{"href":"https:\/\/mayracanolaw.com\/espanol\/wp-json\/wp\/v2\/pages\/18","targetHints":{"allow":["GET"]}}],"collection":[{"href":"https:\/\/mayracanolaw.com\/espanol\/wp-json\/wp\/v2\/pages"}],"about":[{"href":"https:\/\/mayracanolaw.com\/espanol\/wp-json\/wp\/v2\/types\/page"}],"author":[{"embeddable":true,"href":"https:\/\/mayracanolaw.com\/espanol\/wp-json\/wp\/v2\/users\/1"}],"replies":[{"embeddable":true,"href":"https:\/\/mayracanolaw.com\/espanol\/wp-json\/wp\/v2\/comments?post=18"}],"version-history":[{"count":5,"href":"https:\/\/mayracanolaw.com\/espanol\/wp-json\/wp\/v2\/pages\/18\/revisions"}],"predecessor-version":[{"id":543,"href":"https:\/\/mayracanolaw.com\/espanol\/wp-json\/wp\/v2\/pages\/18\/revisions\/543"}],"wp:attachment":[{"href":"https:\/\/mayracanolaw.com\/espanol\/wp-json\/wp\/v2\/media?parent=18"}],"curies":[{"name":"wp","href":"https:\/\/api.w.org\/{rel}","templated":true}]}}