{"id":132,"date":"2013-07-13T20:02:57","date_gmt":"2013-07-13T20:02:57","guid":{"rendered":"http:\/\/mayracanolaw.com\/?page_id=132"},"modified":"2016-11-15T20:36:28","modified_gmt":"2016-11-15T20:36:28","slug":"links","status":"publish","type":"page","link":"https:\/\/mayracanolaw.com\/espanol\/resources\/links\/","title":{"rendered":"Links"},"content":{"rendered":"<p><span style=\"text-decoration: underline;\"><span style=\"font-weight: 400;\">Recursos de Internet sobre la Ley de Inmigraci\u00f3n<\/span><\/span><\/p>\n<p>&#8211; <span style=\"font-weight: 400;\">Informes Estado por Estado:<\/span> <a title=\"State-by-State Reports: The Economic Benefits of Fixing Our Broken Immigration System\" href=\"http:\/\/m.whitehouse.gov\/blog\/2013\/08\/01\/state-state-reports-economic-benefits-fixing-our-broken-immigration-system?utm_source=twitter&amp;utm_medium=social&amp;utm_content=080113p1&amp;utm_campaign=immigration\" target=\"_blank\">Los beneficios econ\u00f3micos de la fijaci\u00f3n de nuestro sistema de inmigraci\u00f3n roto<\/a><br \/>\n&#8211;<span style=\"font-weight: 400;\">U.S. Servicios de Ciudadan\u00eda e Inmigraci\u00f3n:<\/span> <a href=\"http:\/\/www.uscis.gov\/\" target=\"_blank\">www.uscis.gov<\/a><br \/>\n&#8211;<span style=\"font-weight: 400;\">U.S. Departamento de Estado:<\/span>\u00a0<a href=\"http:\/\/travel.state.gov\/\" target=\"_blank\">http:\/\/travel.state.gov<\/a><br \/>\n&#8211;<span style=\"font-weight: 400;\">U.S. Consulados y embajadas en el extranjero:<\/span> <a href=\"http:\/\/www.usembassy.gov\/\" target=\"_blank\">www.usembassy.gov<\/a><br \/>\n&#8211;<span style=\"font-weight: 400;\">Oficina Ejecutiva para la Revisi\u00f3n de Inmigraci\u00f3n tambi\u00e9n conocida como la corte de inmigraci\u00f3n<\/span> <a href=\"http:\/\/www.justice.gov\/eoir\" target=\"_blank\">www.justice.gov\/eoir<\/a><\/p>\n<p><span style=\"text-decoration: underline;\"><span style=\"font-weight: 400;\">Evitar las estafas de inmigraci\u00f3n<\/span><\/span><\/p>\n<p>&#8211; FTC &#8211;\u00a0<a title=\"Scams against immigrants\" href=\"https:\/\/www.consumer.ftc.gov\/features\/feature-0012-scams-against-immigrants\" target=\"_blank\">Estafas contra los inmigrantes<\/a><br \/>\n&#8211; USCIS &#8211;\u00a0<a title=\"Avoiding Scams\" href=\"http:\/\/www.uscis.gov\/portal\/site\/uscis\/menuitem.e8b24a3cec33ca34c48bfc10526e0aa0\/?vgnextoid=b9563ab7b8f3b210VgnVCM10000025e6a00aRCRD&amp;vgnextchannel=b9563ab7b8f3b210VgnVCM10000025e6a00aRCRD\" target=\"_blank\">Como evitar estafas<\/a><br \/>\n&#8211;\u00a0<a href=\"http:\/\/www.uscis.gov\/USCIS\/Avoid%20Scams\/Educational%20Tools\/UPIL%20Brochure\/UPIL_Brochure_Spanish.pdf\" target=\"_blank\">Folleto del USCIS en espa\u00f1ol<\/a><br \/>\n&#8211; <a title=\"What is a Notary\" href=\"http:\/\/cdn.nationalnotary.org\/what_is_notary\/whatNotary.pdf\" target=\"_blank\">What is a Notary \/\u00a0Que es un Notario<\/a><br \/>\n&#8211; Recent Immigration Scams:\u00a0<a href=\"http:\/\/www.ice.gov\/news\/releases\/1307\/130731sandiego.htm\" target=\"_blank\">http:\/\/www.ice.gov\/news\/<wbr \/>releases\/1307\/130731sandiego.<wbr \/>htm<\/a><\/p>\n","protected":false},"excerpt":{"rendered":"<p>Recursos de Internet sobre la Ley de Inmigraci\u00f3n &#8211; Informes Estado por Estado: Los beneficios econ\u00f3micos de la fijaci\u00f3n de nuestro sistema de inmigraci\u00f3n roto &#8211;U.S. [&hellip;]<\/p>\n","protected":false},"author":1,"featured_media":0,"parent":106,"menu_order":0,"comment_status":"closed","ping_status":"open","template":"","meta":{"footnotes":""},"class_list":["post-132","page","type-page","status-publish","hentry"],"_links":{"self":[{"href":"https:\/\/mayracanolaw.com\/espanol\/wp-json\/wp\/v2\/pages\/132","targetHints":{"allow":["GET"]}}],"collection":[{"href":"https:\/\/mayracanolaw.com\/espanol\/wp-json\/wp\/v2\/pages"}],"about":[{"href":"https:\/\/mayracanolaw.com\/espanol\/wp-json\/wp\/v2\/types\/page"}],"author":[{"embeddable":true,"href":"https:\/\/mayracanolaw.com\/espanol\/wp-json\/wp\/v2\/users\/1"}],"replies":[{"embeddable":true,"href":"https:\/\/mayracanolaw.com\/espanol\/wp-json\/wp\/v2\/comments?post=132"}],"version-history":[{"count":5,"href":"https:\/\/mayracanolaw.com\/espanol\/wp-json\/wp\/v2\/pages\/132\/revisions"}],"predecessor-version":[{"id":552,"href":"https:\/\/mayracanolaw.com\/espanol\/wp-json\/wp\/v2\/pages\/132\/revisions\/552"}],"up":[{"embeddable":true,"href":"https:\/\/mayracanolaw.com\/espanol\/wp-json\/wp\/v2\/pages\/106"}],"wp:attachment":[{"href":"https:\/\/mayracanolaw.com\/espanol\/wp-json\/wp\/v2\/media?parent=132"}],"curies":[{"name":"wp","href":"https:\/\/api.w.org\/{rel}","templated":true}]}}