{"id":111,"date":"2013-07-12T00:20:12","date_gmt":"2013-07-12T00:20:12","guid":{"rendered":"http:\/\/mayracanolaw.com\/?page_id=111"},"modified":"2013-07-12T00:20:12","modified_gmt":"2013-07-12T00:20:12","slug":"recursos","status":"publish","type":"page","link":"https:\/\/mayracanolaw.com\/espanol\/resources\/recursos\/","title":{"rendered":"Recursos"},"content":{"rendered":"<div class=\"wpb-content-wrapper\"><p>[vc_row][vc_column][vc_column_text css_animation=&#8221;appear&#8221;]<\/p>\n<p align=\"center\"><strong><img loading=\"lazy\" decoding=\"async\" class=\"aligncenter wp-image-359\" src=\"http:\/\/mayracanolaw.com\/wp-content\/uploads\/2013\/07\/ios7-document-iconwhite-300x300.png\" alt=\"ios7-document-iconwhite\" width=\"165\" height=\"156\" \/><\/strong><\/p>\n<p align=\"center\"><strong>Ftc.gov\/inmigracion<\/strong><b><\/b><\/p>\n<p align=\"center\"><strong><span style=\"text-decoration: underline;\">Preguntas para hacer de su abogado antes de retenerlos<\/span><\/strong><b><\/b><\/p>\n<p align=\"center\"><a title=\"Resources\" href=\"http:\/\/mayracanolaw.com\/resources\/\"><strong><span style=\"text-decoration: underline;\">Click here for English version<\/span><\/strong><\/a><\/p>\n<p>Renovar una tarjeta verde, hacer los tr\u00e1mites para convertirse en ciudadano estadounidense, o escoger los formularios correctos puede resultar un proceso complicado \u00ad&#8211; y es importante que lo haga correctamente. Los recursos en esta p\u00e1gina le ayudar\u00e1n a evitar las estafas y conseguir la ayuda correcta.<\/p>\n<p>Escoger la persona indicada para que lo ayude es casi tan importante como presentar el formulario correcto presentarlo correctamente. La ayuda que se anuncia en las vidrieras de las tiendas, en los sitios web, en el peri\u00f3dico o en la radio \u2013 incluso por intermedio de personas conocidas \u2013 puede perjudicarlo. Las personas que se presentan como <strong>notarios <\/strong>\u2013 o a veces expertos en inmigraci\u00f3n \u2013 no lo pueden ayudar. Le cobrar\u00e1n dinero pero <b>no le brindar\u00e1n ayuda real<\/b>. A veces hacen cosas que perjudicar\u00e1n su oportunidad de inmigrar a Estados Unidos de manera legal.<\/p>\n<p>Inclusive aquellas personas con buenas intenciones \u2013 un amigo, su pastor, un maestro o un familiar \u2013 pueden causarle problemas m\u00e1s adelante. Los ayudantes de este tipo deber\u00edan limitarse \u00fanicamente a escribir o traducir lo que usted les diga, y no deben aconsejarle qu\u00e9 es lo que tiene que decir o cu\u00e1les son los formularios que tiene que usar. Para conseguir una ayuda que lo ayude, trabaje con personas que est\u00e9n autorizadas por el gobierno de Estados Unidos para ayudarlo. Trabajar con estas personas tambi\u00e9n lo ayudar\u00e1 a protegerse de aquellos que tienen intenciones de enga\u00f1arlo.<\/p>\n<p>Algunas veces, las personas deshonestas cobran dinero a cambio de entregar formularios en blanco expedidos por el gobierno, dicen que tienen una relaci\u00f3n especial con el gobierno, o le garantizan que obtendr\u00e1n los resultados que usted desea. Es posible que si usted les paga un cargo, estos individuos le prometan conseguirle una ficha ganadora en la loter\u00eda de Visas de Diversidad. Pueden cobrarle un mont\u00f3n de dinero, supuestamente para garantizarle un estatus temporal protegido o para conseguirle beneficios que no est\u00e1n disponibles para usted. Estos individuos deshonestos aplican toda su inteligencia para encontrar la manera de enga\u00f1ar a las personas.<\/p>\n<p><b><img loading=\"lazy\" decoding=\"async\" class=\"aligncenter wp-image-353\" src=\"http:\/\/mayracanolaw.com\/wp-content\/uploads\/2013\/07\/stop-symbol.png\" alt=\"stop-symbol\" width=\"180\" height=\"198\" \/><\/b><\/p>\n<p align=\"center\"><b>C\u00f3mo evitar una estafa:<\/b><\/p>\n<ul>\n<li><b>No vaya a un notario, notario p\u00fablico, o a un notary public para que lo asesore legalmente. En Estados Unidos, los notarios no son abogados: no pueden ofrecerle asesoramiento legal ni hablar en su nombre con las agencias del gobierno<\/b>, tales como el Servicio de Ciudadan\u00eda e Inmigraci\u00f3n de Estados Unidos (USCIS por su sigla en ingl\u00e9s) o la Junta de Apelaciones de Inmigraci\u00f3n del Departamento de Justicia. Un notario p\u00fablico tampoco tiene que ser abogado, y no est\u00e1 autorizado para darle asesoramiento legal.<\/li>\n<li>No pague nunca para conseguir formularios en blanco expedidos por el gobierno. Los formularios del gobierno son gratuitos, aunque probablemente tendr\u00e1 que pagar cuando los presente ante el USCIS. Puede obtener formularios de inmigraci\u00f3n gratuitamente en <a href=\"http:\/\/www.uscis.gov\/formularios\">www.uscis.gov\/formularios<\/a>, llamando al USCIS al <b>1-800-870-3676, \u00a01-800-870-3676,<\/b> o visitando la oficina local del USCIS m\u00e1s cercana.<\/li>\n<li>Obtenga informaci\u00f3n sobre inmigraci\u00f3n en sitios web del gobierno de Estados Unidos. Algunos estafadores establecen sitios web que tienen un aspecto similar a los del gobierno, pero no lo son. Aseg\u00farese de controlar que el domicilio de cualquier sitio web que sea parecido a los del gobierno termine en &#8220;.<b>gov&#8221;.<\/b>Esto significa que pertenece al gobierno de Estados Unidos.<\/li>\n<li>No permita que nadie se quede con sus documentos originales, como su certificado de nacimiento o pasaporte. Los estafadores podr\u00edan retenerlos hasta que usted les pague.<\/li>\n<li>Nunca firme un formulario antes de completarlo, ni tampoco firme un formulario con informaci\u00f3n falsa. Nunca firme un documento cuyo contenido no entienda.<\/li>\n<li>Guarde una copia de todos los formularios que presente y de todas las cartas del gobierno referidas a su solicitud o petici\u00f3n.<\/li>\n<li>Cuando presente sus papeles, el USCIS le dar\u00e1 un recibo. \u00a1Gu\u00e1rdelo! Ese recibo es el comprobante donde consta que el USCIS recibi\u00f3 su solicitud o petici\u00f3n. Necesitar\u00e1 el recibo para consultar el estatus de tramitaci\u00f3n de su solicitud, as\u00ed que aseg\u00farese de conseguir una copia.<\/li>\n<\/ul>\n<p>[\/vc_column_text][\/vc_column][\/vc_row][vc_row full_width=&#8221;stretch_row&#8221; css=&#8221;.vc_custom_1474497551490{background-color: #cc7d2e !important;}&#8221;][vc_column][vc_column_text css_animation=&#8221;appear&#8221;]<\/p>\n<h3 align=\"center\"><b><img loading=\"lazy\" decoding=\"async\" class=\"aligncenter wp-image-355\" src=\"http:\/\/mayracanolaw.com\/wp-content\/uploads\/2013\/07\/handshake-icon-0-300x300.png\" alt=\"handshake-icon-0\" width=\"229\" height=\"234\" \/><\/b><b>C\u00f3mo conseguir la ayuda correcta:<\/b><\/h3>\n<p>Hay ayuda disponible, pero hay reglas que establecen qui\u00e9n puede ayudarlo. Siga estas reglas para encontrar los recursos de ayuda que est\u00e1n autorizados por el gobierno de Estados Unidos. Recibir ayuda de una persona que no est\u00e1 calificada para brindarle asesoramiento legal \u2013 por ejemplo, de un notario \u2013 puede ser peor que no conseguir ning\u00fan tipo de ayuda. B\u00e1sicamente hay dos grupos autorizados para ofrecerle asesoramiento legal o para representarlo: los abogados y los representantes acreditados.<\/p>\n<p><b>Los abogados<\/b> pueden asesorarlo y representarlo. Los abogados, tambi\u00e9n llamados asesores jur\u00eddicos o consejeros legales, deben ser miembros del colegio o asociaci\u00f3n profesional de sus respectivos estados. El colegio o asociaci\u00f3n estatal de abogados puede sancionar, suspender o incluso expulsar a un abogado por incumplir las reglas. Aseg\u00farese de que el abogado que usted escoja est\u00e9 debidamente acreditado por la asociaci\u00f3n de abogados correspondiente y verifique que tenga una buena calificaci\u00f3n. Esto significa que no est\u00e1 en problemas por incumplir las reglas establecidas para los abogados. Puede buscar un abogado a trav\u00e9s de sitios web del gobierno y de sitios no gubernamentales.<\/p>\n<p>Para localizar un abogado especializado en inmigraci\u00f3n que no le cobre o que le cobre honorarios bajos:<\/p>\n<ul>\n<li>Consulte la <a href=\"http:\/\/www.justice.gov\/eoir\/probono\/states.htm\">lista ofrecida por el Departamento de Justicia de Estados Unidos <\/a>detallada por estados que est\u00e1 disponible en ingl\u00e9s.<\/li>\n<li>Comun\u00edquese con el USCIS llamando al 1-800-375-5283 1-800-375-5283 para consultar la disponibilidad de abogados dentro de su \u00e1rea de residencia.<\/li>\n<li>Consulte la <a href=\"http:\/\/www.americanbar.org\/groups\/public_services\/immigration\/resources\/immigration_legal_service_providers_directory.html\">lista ofrecida por la American Bar Association <\/a>detallada por estados que est\u00e1 disponible en ingl\u00e9s.<\/li>\n<\/ul>\n<p>Para encontrar un abogado de su localidad que trabaje en asuntos de inmigraci\u00f3n:<\/p>\n<ul>\n<li>Consulte la <a href=\"http:\/\/www.ailalawyer.com\/default.aspx?LanguageId=spanish\">lista de la Asociaci\u00f3n Americana de Abogados de Inmigraci\u00f3n<\/a>. Estos abogados pueden cobrarle honorarios por ayudarlo.<\/li>\n<\/ul>\n<p>Para averiguar si una persona es un abogado y para averiguar si un abogado est\u00e1 en problemas por incumplir las reglas:<\/p>\n<ul>\n<li>Vaya al sitio de las <a href=\"http:\/\/www.statebarassociations.org\/\">Asociaciones Estatales de Abogados<\/a> (en ingl\u00e9s) y haga clic sobre el nombre de su estado de residencia para encontrar el n\u00famero de tel\u00e9fono para indagar sobre un abogado en particular.<\/li>\n<li>Consulte la <a href=\"http:\/\/www.justice.gov\/eoir\/discipline-spanish.htm\">lista del Departamento de Justicia<\/a> de abogados que no est\u00e1n autorizados para ejercer la profesi\u00f3n.<\/li>\n<\/ul>\n<p><b>Los representantes acreditados<\/b> no son abogados, pero son personas autorizadas por el gobierno para brindar asesoramiento legal en asuntos de inmigraci\u00f3n. Tambi\u00e9n est\u00e1n autorizados para representarlo. Estos representantes deben trabajar para una organizaci\u00f3n que est\u00e9 reconocida oficialmente por el gobierno de Estados Unidos. Tanto los representantes acreditados como estas organizaciones reconocidas est\u00e1n incluidos en una lista mantenida por la Junta de Apelaciones de Inmigraci\u00f3n.<\/p>\n<p><b>Para encontrar un representante acreditado:<\/b><\/p>\n<ul>\n<li>Consulte la <a href=\"http:\/\/www.justice.gov\/eoir\/ra.html\">lista de representantes acreditados y de las organizaciones reconocidas <\/a>para las cuales trabajan detallada por estados (en ingl\u00e9s). Usted puede ser representado \u00fanicamente por una persona autorizada y no por una organizaci\u00f3n, consulte la lista para buscar el nombre de una persona localizada en las cercan\u00edas de su domicilio. Las personas listadas son representantes acreditados, siempre y cuando trabajen en la organizaci\u00f3n que figura en la lista. Estos representantes pueden cobrarle un cargo para ayudarlo.<\/li>\n<\/ul>\n<p>&nbsp;<\/p>\n<p>Esta informacion fue proporcionada por la agencia federal Federal Trade Commission y puede se localizada en el sito web ftc.gov\/inmigracion<\/p>\n<p>Para imprimir una copia de este documento haga click <a href=\"http:\/\/mayracanolaw.com\/wp-content\/uploads\/2013\/07\/FTC-spanish.pdf\" target=\"_blank\">aca<\/a>[\/vc_column_text][\/vc_column][\/vc_row]<\/p>\n<\/div>","protected":false},"excerpt":{"rendered":"<p>[vc_row][vc_column][vc_column_text css_animation=&#8221;appear&#8221;] Ftc.gov\/inmigracion Preguntas para hacer de su abogado antes de retenerlos Click here for English version Renovar una tarjeta verde, hacer los tr\u00e1mites para convertirse [&hellip;]<\/p>\n","protected":false},"author":1,"featured_media":0,"parent":106,"menu_order":0,"comment_status":"closed","ping_status":"closed","template":"","meta":{"footnotes":""},"class_list":["post-111","page","type-page","status-publish","hentry"],"_links":{"self":[{"href":"https:\/\/mayracanolaw.com\/espanol\/wp-json\/wp\/v2\/pages\/111","targetHints":{"allow":["GET"]}}],"collection":[{"href":"https:\/\/mayracanolaw.com\/espanol\/wp-json\/wp\/v2\/pages"}],"about":[{"href":"https:\/\/mayracanolaw.com\/espanol\/wp-json\/wp\/v2\/types\/page"}],"author":[{"embeddable":true,"href":"https:\/\/mayracanolaw.com\/espanol\/wp-json\/wp\/v2\/users\/1"}],"replies":[{"embeddable":true,"href":"https:\/\/mayracanolaw.com\/espanol\/wp-json\/wp\/v2\/comments?post=111"}],"version-history":[{"count":0,"href":"https:\/\/mayracanolaw.com\/espanol\/wp-json\/wp\/v2\/pages\/111\/revisions"}],"up":[{"embeddable":true,"href":"https:\/\/mayracanolaw.com\/espanol\/wp-json\/wp\/v2\/pages\/106"}],"wp:attachment":[{"href":"https:\/\/mayracanolaw.com\/espanol\/wp-json\/wp\/v2\/media?parent=111"}],"curies":[{"name":"wp","href":"https:\/\/api.w.org\/{rel}","templated":true}]}}